{"id":1734,"date":"2022-08-19T17:46:34","date_gmt":"2022-08-19T22:46:34","guid":{"rendered":"https:\/\/didierartist.com\/2023\/?post_type=product&#038;p=1734"},"modified":"2022-12-09T10:58:22","modified_gmt":"2022-12-09T15:58:22","slug":"snake-3","status":"publish","type":"product","link":"https:\/\/didierartist.com\/2023\/produit\/snake-3\/","title":{"rendered":"SNAKE"},"content":{"rendered":"<p>Pour toutes questions: info@didierartiste.com<\/p>\n<p>Didier est un artiste peintre qu\u00e9b\u00e9cois reconnu pour la pr\u00e9cision de son art qu\u2019on d\u00e9crit comme chirurgical. Depuis ses d\u00e9buts, en 2019, cet artiste est en pleine ascension. Il cr\u00e9e des \u0153uvres d\u2019un r\u00e9alisme surprenant de personnalit\u00e9s connues et de l\u2019univers de la mode en s\u2019inspirant d\u2019images puissantes qui l\u2019interpellent.<\/p>\n<p>Il utilise des techniques mixtes telles que le \u00ab airbrush \u00bb, l\u2019acrylique et le collage.<\/p>\n<p>Il offre des impressions sur toile et sur papier arches. Pour une commande d\u2019\u0153uvre originale sur mesure, n\u2019h\u00e9site pas \u00e0 lui \u00e9crire.<\/p>\n","protected":false},"excerpt":{"rendered":"<p>Oeuvre originale sur toile galerie.<\/p>\n<p>Ann\u00e9e de r\u00e9alisation: 2022<\/p>\n<p>M\u00e9dium: Acrylique\/techniques mixtes<\/p>\n<p>Dimension: 64&#215;80<\/p>\n","protected":false},"featured_media":1656,"template":"","meta":[],"product_brand":[],"product_cat":[22],"product_tag":[21],"class_list":{"0":"post-1734","1":"product","2":"type-product","3":"status-publish","4":"has-post-thumbnail","6":"product_cat-toiles-originales","7":"product_tag-impressions","9":"first","10":"instock","11":"taxable","12":"shipping-taxable","13":"purchasable","14":"product-type-variable"},"jetpack_sharing_enabled":true,"_links":{"self":[{"href":"https:\/\/didierartist.com\/2023\/wp-json\/wp\/v2\/product\/1734","targetHints":{"allow":["GET"]}}],"collection":[{"href":"https:\/\/didierartist.com\/2023\/wp-json\/wp\/v2\/product"}],"about":[{"href":"https:\/\/didierartist.com\/2023\/wp-json\/wp\/v2\/types\/product"}],"wp:featuredmedia":[{"embeddable":true,"href":"https:\/\/didierartist.com\/2023\/wp-json\/wp\/v2\/media\/1656"}],"wp:attachment":[{"href":"https:\/\/didierartist.com\/2023\/wp-json\/wp\/v2\/media?parent=1734"}],"wp:term":[{"taxonomy":"product_brand","embeddable":true,"href":"https:\/\/didierartist.com\/2023\/wp-json\/wp\/v2\/product_brand?post=1734"},{"taxonomy":"product_cat","embeddable":true,"href":"https:\/\/didierartist.com\/2023\/wp-json\/wp\/v2\/product_cat?post=1734"},{"taxonomy":"product_tag","embeddable":true,"href":"https:\/\/didierartist.com\/2023\/wp-json\/wp\/v2\/product_tag?post=1734"}],"curies":[{"name":"wp","href":"https:\/\/api.w.org\/{rel}","templated":true}]}}