{"id":1288,"date":"2021-11-25T15:27:58","date_gmt":"2021-11-25T20:27:58","guid":{"rendered":"https:\/\/didierartist.com\/2023\/?post_type=product&#038;p=1288"},"modified":"2022-12-09T09:28:29","modified_gmt":"2022-12-09T14:28:29","slug":"anthony-bourdain","status":"publish","type":"product","link":"https:\/\/didierartist.com\/2023\/produit\/anthony-bourdain\/","title":{"rendered":"Anthony Bourdain"},"content":{"rendered":"<p><span style=\"font-size: 12pt;\">Toile \u00e9tir\u00e9e sur cadre de bois : oeuvre pr\u00eate \u00e0 \u00eatre accroch\u00e9e<\/span><\/p>\n<p><span style=\"font-size: 12pt;\">Toile sans cadre de bois : toile roul\u00e9e, \u00e9tirage \u00e0 vos frais<\/span><\/p>\n<p><span style=\"font-size: 12pt;\">Impressions de grande qualit\u00e9, sign\u00e9es, num\u00e9rot\u00e9es, offertes en s\u00e9rie limit\u00e9e et accompagn\u00e9es d&rsquo;un certificat d&rsquo;authenticit\u00e9.<\/span><\/p>\n<p><span style=\"font-size: 12pt;\">Pour toutes autres questions:\u00a0 info@didierartiste.com<\/span><\/p>\n<p><span style=\"font-size: 12pt;\">Didier est un artiste peintre qu\u00e9b\u00e9cois reconnu pour la pr\u00e9cision de son art qu\u2019on d\u00e9crit comme chirurgical. Depuis ses d\u00e9buts, en 2019, cet artiste est en pleine ascension. Il cr\u00e9e des \u0153uvres d\u2019un r\u00e9alisme surprenant de personnalit\u00e9s connues et de l\u2019univers de la mode en s\u2019inspirant d\u2019images puissantes qui l\u2019interpellent.<\/span><\/p>\n<p><span style=\"font-size: 12pt;\">Il utilise des techniques mixtes telles que le \u00ab airbrush \u00bb, l\u2019acrylique et le collage.<\/span><\/p>\n<p><span style=\"font-size: 12pt;\">Il offre des impressions sur toile et sur papier arches. Pour une commande d\u2019\u0153uvre originale sur mesure, n\u2019h\u00e9site pas \u00e0 lui \u00e9crire.<\/span><\/p>\n","protected":false},"excerpt":{"rendered":"<p>S\u00e9rie limit\u00e9e \u00e0 30 impressions sur toile<\/p>\n<p>Toile originale non disponible<\/p>\n","protected":false},"featured_media":1287,"template":"","meta":[],"product_brand":[],"product_cat":[23],"product_tag":[21],"class_list":{"0":"post-1288","1":"product","2":"type-product","3":"status-publish","4":"has-post-thumbnail","6":"product_cat-impressions-sur-toile","7":"product_tag-impressions","9":"first","10":"instock","11":"taxable","12":"shipping-taxable","13":"purchasable","14":"product-type-variable"},"jetpack_sharing_enabled":true,"_links":{"self":[{"href":"https:\/\/didierartist.com\/2023\/wp-json\/wp\/v2\/product\/1288","targetHints":{"allow":["GET"]}}],"collection":[{"href":"https:\/\/didierartist.com\/2023\/wp-json\/wp\/v2\/product"}],"about":[{"href":"https:\/\/didierartist.com\/2023\/wp-json\/wp\/v2\/types\/product"}],"wp:featuredmedia":[{"embeddable":true,"href":"https:\/\/didierartist.com\/2023\/wp-json\/wp\/v2\/media\/1287"}],"wp:attachment":[{"href":"https:\/\/didierartist.com\/2023\/wp-json\/wp\/v2\/media?parent=1288"}],"wp:term":[{"taxonomy":"product_brand","embeddable":true,"href":"https:\/\/didierartist.com\/2023\/wp-json\/wp\/v2\/product_brand?post=1288"},{"taxonomy":"product_cat","embeddable":true,"href":"https:\/\/didierartist.com\/2023\/wp-json\/wp\/v2\/product_cat?post=1288"},{"taxonomy":"product_tag","embeddable":true,"href":"https:\/\/didierartist.com\/2023\/wp-json\/wp\/v2\/product_tag?post=1288"}],"curies":[{"name":"wp","href":"https:\/\/api.w.org\/{rel}","templated":true}]}}