{"id":17,"date":"2020-06-30T01:09:26","date_gmt":"2020-06-30T01:09:26","guid":{"rendered":"https:\/\/didierartist.com\/2023\/?page_id=17"},"modified":"2022-08-28T21:04:20","modified_gmt":"2022-08-29T02:04:20","slug":"a-propos","status":"publish","type":"page","link":"https:\/\/didierartist.com\/2023\/a-propos\/","title":{"rendered":"\u00c0 propos"},"content":{"rendered":"\n<h2 class=\"wp-block-heading\">Didier Artiste<\/h2>\n\n\n\n<figure class=\"wp-block-image size-large\"><img loading=\"lazy\" decoding=\"async\" width=\"960\" height=\"640\" src=\"https:\/\/didierartist.com\/2023\/wp-content\/uploads\/2020\/06\/Cover_Didier.jpg\" alt=\"\" class=\"wp-image-11\" srcset=\"https:\/\/didierartist.com\/2023\/wp-content\/uploads\/2020\/06\/Cover_Didier.jpg 960w, https:\/\/didierartist.com\/2023\/wp-content\/uploads\/2020\/06\/Cover_Didier-350x233.jpg 350w, https:\/\/didierartist.com\/2023\/wp-content\/uploads\/2020\/06\/Cover_Didier-300x200.jpg 300w, https:\/\/didierartist.com\/2023\/wp-content\/uploads\/2020\/06\/Cover_Didier-768x512.jpg 768w\" sizes=\"auto, (max-width: 706px) 89vw, (max-width: 767px) 82vw, 740px\" \/><\/figure>\n\n\n\n<p class=\"has-text-align-center\">Lorsqu\u2019un artiste d\u00e9cide d\u2019\u00e9couter son c\u0153ur.<\/p>\n\n\n\n<p class=\"has-text-align-center has-text-align-justify\">Depuis toujours, sa t\u00eate et son c\u0153ur balancent entre son c\u00f4t\u00e9 artistique et rationnel. C\u2019est d\u2019ailleurs ce dernier qui l\u2019a men\u00e9 \u00e0 compl\u00e9ter un baccalaur\u00e9at en administration des affaires profil marketing \u00e0 HEC&nbsp; en 2009. Jusqu\u2019en 2019, c\u2019est son c\u00f4t\u00e9 rationnel qui motive ses d\u00e9cisions professionnelles alors que ses talents artistiques \u00e9taient per\u00e7us comme de simples passe-temps.&nbsp; D\u00e8s l\u2019\u00e2ge de 4 ans son talent en dessin est remarqu\u00e9 et c\u2019est \u00e0 l\u2019\u00e2ge de 12 ans qu\u2019il re\u00e7oit son premier drum sur lequel il a d\u00e9but\u00e9 ses premiers tapages. Tr\u00e8s rapidement, il est devenu drummer dans un groupe de musique pendant plusieurs ann\u00e9es. La musique est d\u2019ailleurs l\u2019une de ses plus grandes passions et il caresse toujours le d\u00e9sir de performer sur sc\u00e8ne. Tout comme les arts visuels, la musique est un talent inn\u00e9, qu\u2019il pratique de fa\u00e7on autodidacte.<\/p>\n\n\n\n<p class=\"has-text-align-center has-text-align-justify\">C\u2019est \u00e0 la fin de l\u2019ann\u00e9e 2018 qu\u2019il r\u00e9alise qu\u2019il a envie de faire plus de place \u00e0 son c\u00f4t\u00e9 artistique et se remet activement \u00e0 dessiner. Rapidement, il souhaite toucher \u00e0 d\u2019autres m\u00e9diums associ\u00e9s \u00e0 l\u2019art et se met \u00e0 peindre. C\u2019est donc en janvier 2019 qu\u2019il r\u00e9alise sa premi\u00e8re toile et cette exp\u00e9rience devient litt\u00e9ralement une r\u00e9v\u00e9lation pour lui : Il a besoin de cr\u00e9er. Avec beaucoup de conviction et de d\u00e9termination, il d\u00e9cide donc de quitter son emploi qu\u2019il occupe depuis plusieurs ann\u00e9es&nbsp;(seulement 3 mois apr\u00e8s la r\u00e9alisation de sa premi\u00e8re toile) pour se d\u00e9dier \u00e0 sa passion \u00e0 temps plein. C\u2019est ainsi qu\u2019il devint Didier Artiste et qu\u2019aujourd\u2019hui il r\u00e9alise que les meilleures d\u00e9cisions sont celles qui viennent du c\u0153ur.<\/p>\n\n\n\n<div class=\"wp-block-media-text alignwide is-stacked-on-mobile\"><figure class=\"wp-block-media-text__media\"><img loading=\"lazy\" decoding=\"async\" width=\"957\" height=\"1024\" src=\"https:\/\/didierartist.com\/2023\/wp-content\/uploads\/2022\/08\/Jimi-Hendrix-30X30-957x1024.jpg\" alt=\"\" class=\"wp-image-1758 size-full\" srcset=\"https:\/\/didierartist.com\/2023\/wp-content\/uploads\/2022\/08\/Jimi-Hendrix-30X30-957x1024.jpg 957w, https:\/\/didierartist.com\/2023\/wp-content\/uploads\/2022\/08\/Jimi-Hendrix-30X30-280x300.jpg 280w, https:\/\/didierartist.com\/2023\/wp-content\/uploads\/2022\/08\/Jimi-Hendrix-30X30-768x822.jpg 768w, https:\/\/didierartist.com\/2023\/wp-content\/uploads\/2022\/08\/Jimi-Hendrix-30X30-1436x1536.jpg 1436w, https:\/\/didierartist.com\/2023\/wp-content\/uploads\/2022\/08\/Jimi-Hendrix-30X30-1914x2048.jpg 1914w, https:\/\/didierartist.com\/2023\/wp-content\/uploads\/2022\/08\/Jimi-Hendrix-30X30-11x12.jpg 11w\" sizes=\"auto, (max-width: 706px) 89vw, (max-width: 767px) 82vw, 740px\" \/><\/figure><div class=\"wp-block-media-text__content\">\n<p class=\"has-large-font-size\">The One<\/p>\n\n\n\n<p>La premi\u00e8re toile cr\u00e9\u00e9e par Didier en janvier 2019.<\/p>\n<\/div><\/div>\n\n\n\n<p><\/p>\n","protected":false},"excerpt":{"rendered":"<p>Didier Artiste Lorsqu\u2019un artiste d\u00e9cide d\u2019\u00e9couter son c\u0153ur. Depuis toujours, sa t\u00eate et son c\u0153ur balancent entre son c\u00f4t\u00e9 artistique et rationnel. C\u2019est d\u2019ailleurs ce dernier qui l\u2019a men\u00e9 \u00e0 compl\u00e9ter un baccalaur\u00e9at en administration des affaires profil marketing \u00e0 HEC&nbsp; en 2009. Jusqu\u2019en 2019, c\u2019est son c\u00f4t\u00e9 rationnel qui motive ses d\u00e9cisions professionnelles alors &hellip; <\/p>\n<p class=\"link-more\"><a href=\"https:\/\/didierartist.com\/2023\/a-propos\/\" class=\"more-link\">Continuer la lecture<span class=\"screen-reader-text\"> de &laquo;&nbsp;\u00c0 propos&nbsp;&raquo;<\/span><\/a><\/p>\n","protected":false},"author":1,"featured_media":0,"parent":0,"menu_order":0,"comment_status":"closed","ping_status":"closed","template":"","meta":{"footnotes":""},"class_list":["post-17","page","type-page","status-publish","hentry"],"jetpack_sharing_enabled":true,"_links":{"self":[{"href":"https:\/\/didierartist.com\/2023\/wp-json\/wp\/v2\/pages\/17","targetHints":{"allow":["GET"]}}],"collection":[{"href":"https:\/\/didierartist.com\/2023\/wp-json\/wp\/v2\/pages"}],"about":[{"href":"https:\/\/didierartist.com\/2023\/wp-json\/wp\/v2\/types\/page"}],"author":[{"embeddable":true,"href":"https:\/\/didierartist.com\/2023\/wp-json\/wp\/v2\/users\/1"}],"replies":[{"embeddable":true,"href":"https:\/\/didierartist.com\/2023\/wp-json\/wp\/v2\/comments?post=17"}],"version-history":[{"count":11,"href":"https:\/\/didierartist.com\/2023\/wp-json\/wp\/v2\/pages\/17\/revisions"}],"predecessor-version":[{"id":1760,"href":"https:\/\/didierartist.com\/2023\/wp-json\/wp\/v2\/pages\/17\/revisions\/1760"}],"wp:attachment":[{"href":"https:\/\/didierartist.com\/2023\/wp-json\/wp\/v2\/media?parent=17"}],"curies":[{"name":"wp","href":"https:\/\/api.w.org\/{rel}","templated":true}]}}