{"id":184,"date":"2020-09-03T02:24:34","date_gmt":"2020-09-03T02:24:34","guid":{"rendered":"https:\/\/didierartist.com\/2023\/?page_id=184"},"modified":"2022-12-16T14:06:44","modified_gmt":"2022-12-16T19:06:44","slug":"accueil-2-0","status":"publish","type":"page","link":"https:\/\/didierartist.com\/2023\/en\/","title":{"rendered":""},"content":{"rendered":"<p>Didier is a Quebec painter recognized for the precision of his art, which we described as surgical. Since his debut in 2019, this artist has been on the rise. He creates surprisingly realistic works of well-known personalities and from the fashion world. He is inspired from powerful images that appeal to him.<\/p>\n\n\n\n<p>He uses mixed media such as airbrush, acrylic and collage.<\/p>\n\n\n\n<p>He offers prints on canvas and arches paper. To order an original custom work, do not hesitate to write him an e-mail.<\/p>\n\n\n<style type=\"text\/css\">\n#foogallery-gallery-233 .fg-image { width: 300px; }\n#foogallery-gallery-233 { --fg-gutter: 0px; }<\/style>\n\t\t\t<div class=\"foogallery foogallery-container foogallery-default foogallery-lightbox-foobox fg-center fg-default fg-ready fg-light fg-shadow-outline fg-loading-default fg-loaded-fade-in fg-caption-hover fg-hover-fade fg-hover-zoom\" id=\"foogallery-gallery-233\" data-foogallery=\"{&quot;item&quot;:{&quot;showCaptionTitle&quot;:false,&quot;showCaptionDescription&quot;:false},&quot;lazy&quot;:true}\" style=\"--fg-title-line-clamp: 0; --fg-description-line-clamp: 0;\" >\n\t<div class=\"fg-item fg-type-image fg-idle\"><figure class=\"fg-item-inner\"><a href=\"https:\/\/didierartist.com\/2023\/wp-content\/uploads\/2022\/04\/Robin-William-40x48-2022-good-plus-petit.jpg\" data-attachment-id=\"1471\" data-type=\"image\" class=\"fg-thumb\"><span class=\"fg-image-wrap\"><img fetchpriority=\"high\" decoding=\"async\" width=\"300\" height=\"300\" class=\"skip-lazy fg-image\" data-src-fg=\"https:\/\/didierartist.com\/2023\/wp-content\/uploads\/cache\/2022\/04\/Robin-William-40x48-2022-good-plus-petit\/2944407244.jpg\" src=\"data:image\/svg+xml,%3Csvg%20xmlns%3D%22http%3A%2F%2Fwww.w3.org%2F2000%2Fsvg%22%20width%3D%22300%22%20height%3D%22300%22%20viewBox%3D%220%200%20300%20300%22%3E%3C%2Fsvg%3E\" loading=\"eager\"><\/span><span class=\"fg-image-overlay\"><\/span><\/a><\/figure><div class=\"fg-loader\"><\/div><\/div><div class=\"fg-item fg-type-image fg-idle\"><figure class=\"fg-item-inner\"><a href=\"https:\/\/didierartist.com\/2023\/wp-content\/uploads\/2022\/04\/BLACK-40x48-2021.jpeg\" data-attachment-id=\"1467\" data-type=\"image\" class=\"fg-thumb\"><span class=\"fg-image-wrap\"><img decoding=\"async\" width=\"300\" height=\"300\" class=\"skip-lazy fg-image\" data-src-fg=\"https:\/\/didierartist.com\/2023\/wp-content\/uploads\/cache\/2022\/04\/BLACK-40x48-2021\/907525730.jpeg\" src=\"data:image\/svg+xml,%3Csvg%20xmlns%3D%22http%3A%2F%2Fwww.w3.org%2F2000%2Fsvg%22%20width%3D%22300%22%20height%3D%22300%22%20viewBox%3D%220%200%20300%20300%22%3E%3C%2Fsvg%3E\" loading=\"eager\"><\/span><span class=\"fg-image-overlay\"><\/span><\/a><\/figure><div class=\"fg-loader\"><\/div><\/div><div class=\"fg-item fg-type-image fg-idle\"><figure class=\"fg-item-inner\"><a href=\"https:\/\/didierartist.com\/2023\/wp-content\/uploads\/2022\/06\/image00006.jpeg\" data-attachment-id=\"1546\" data-type=\"image\" class=\"fg-thumb\"><span class=\"fg-image-wrap\"><img decoding=\"async\" width=\"300\" height=\"300\" class=\"skip-lazy fg-image\" data-src-fg=\"https:\/\/didierartist.com\/2023\/wp-content\/uploads\/cache\/2022\/06\/image00006\/617388959.jpeg\" src=\"data:image\/svg+xml,%3Csvg%20xmlns%3D%22http%3A%2F%2Fwww.w3.org%2F2000%2Fsvg%22%20width%3D%22300%22%20height%3D%22300%22%20viewBox%3D%220%200%20300%20300%22%3E%3C%2Fsvg%3E\" loading=\"eager\"><\/span><span class=\"fg-image-overlay\"><\/span><\/a><\/figure><div class=\"fg-loader\"><\/div><\/div><div class=\"fg-item fg-type-image fg-idle\"><figure class=\"fg-item-inner\"><a href=\"https:\/\/didierartist.com\/2023\/wp-content\/uploads\/2022\/02\/Kurt-Cobain-No.-3-40x48-2022.jpeg\" data-attachment-id=\"1411\" data-type=\"image\" class=\"fg-thumb\"><span class=\"fg-image-wrap\"><img decoding=\"async\" width=\"300\" height=\"300\" class=\"skip-lazy fg-image\" data-src-fg=\"https:\/\/didierartist.com\/2023\/wp-content\/uploads\/cache\/2022\/02\/Kurt-Cobain-No_-3-40x48-2022\/231777569.jpeg\" src=\"data:image\/svg+xml,%3Csvg%20xmlns%3D%22http%3A%2F%2Fwww.w3.org%2F2000%2Fsvg%22%20width%3D%22300%22%20height%3D%22300%22%20viewBox%3D%220%200%20300%20300%22%3E%3C%2Fsvg%3E\" loading=\"eager\"><\/span><span class=\"fg-image-overlay\"><\/span><\/a><\/figure><div class=\"fg-loader\"><\/div><\/div><div class=\"fg-item fg-type-image fg-idle\"><figure class=\"fg-item-inner\"><a href=\"https:\/\/didierartist.com\/2023\/wp-content\/uploads\/2022\/04\/Paradox-40x48-2021.jpeg\" data-attachment-id=\"1469\" data-type=\"image\" class=\"fg-thumb\"><span class=\"fg-image-wrap\"><img decoding=\"async\" width=\"300\" height=\"300\" class=\"skip-lazy fg-image\" data-src-fg=\"https:\/\/didierartist.com\/2023\/wp-content\/uploads\/cache\/2022\/04\/Paradox-40x48-2021\/1776315490.jpeg\" src=\"data:image\/svg+xml,%3Csvg%20xmlns%3D%22http%3A%2F%2Fwww.w3.org%2F2000%2Fsvg%22%20width%3D%22300%22%20height%3D%22300%22%20viewBox%3D%220%200%20300%20300%22%3E%3C%2Fsvg%3E\" loading=\"eager\"><\/span><span class=\"fg-image-overlay\"><\/span><\/a><\/figure><div class=\"fg-loader\"><\/div><\/div><div class=\"fg-item fg-type-image fg-idle\"><figure class=\"fg-item-inner\"><a href=\"https:\/\/didierartist.com\/2023\/wp-content\/uploads\/2021\/11\/Anthony-Bourdain-40x60-2021.jpg\" data-attachment-id=\"1287\" data-type=\"image\" class=\"fg-thumb\"><span class=\"fg-image-wrap\"><img decoding=\"async\" width=\"300\" height=\"300\" class=\"skip-lazy fg-image\" data-src-fg=\"https:\/\/didierartist.com\/2023\/wp-content\/uploads\/cache\/2021\/11\/Anthony-Bourdain-40x60-2021\/1184161074.jpg\" src=\"data:image\/svg+xml,%3Csvg%20xmlns%3D%22http%3A%2F%2Fwww.w3.org%2F2000%2Fsvg%22%20width%3D%22300%22%20height%3D%22300%22%20viewBox%3D%220%200%20300%20300%22%3E%3C%2Fsvg%3E\" loading=\"eager\"><\/span><span class=\"fg-image-overlay\"><\/span><\/a><\/figure><div class=\"fg-loader\"><\/div><\/div><div class=\"fg-item fg-type-image fg-idle\"><figure class=\"fg-item-inner\"><a href=\"https:\/\/didierartist.com\/2023\/wp-content\/uploads\/2022\/06\/Nelson-Mandela-collection-OBSCUR-40x60-2022.jpg\" data-attachment-id=\"1548\" data-type=\"image\" class=\"fg-thumb\"><span class=\"fg-image-wrap\"><img decoding=\"async\" width=\"300\" height=\"300\" class=\"skip-lazy fg-image\" data-src-fg=\"https:\/\/didierartist.com\/2023\/wp-content\/uploads\/cache\/2022\/06\/Nelson-Mandela-collection-OBSCUR-40x60-2022\/147119080.jpg\" src=\"data:image\/svg+xml,%3Csvg%20xmlns%3D%22http%3A%2F%2Fwww.w3.org%2F2000%2Fsvg%22%20width%3D%22300%22%20height%3D%22300%22%20viewBox%3D%220%200%20300%20300%22%3E%3C%2Fsvg%3E\" loading=\"eager\"><\/span><span class=\"fg-image-overlay\"><\/span><\/a><\/figure><div class=\"fg-loader\"><\/div><\/div><div class=\"fg-item fg-type-image fg-idle\"><figure class=\"fg-item-inner\"><a href=\"https:\/\/didierartist.com\/2023\/wp-content\/uploads\/2022\/06\/Bloom-collection-OBSCUR-40x48-2022-scaled.jpg\" data-attachment-id=\"1547\" data-type=\"image\" class=\"fg-thumb\"><span class=\"fg-image-wrap\"><img decoding=\"async\" width=\"300\" height=\"300\" class=\"skip-lazy fg-image\" data-src-fg=\"https:\/\/didierartist.com\/2023\/wp-content\/uploads\/cache\/2022\/06\/Bloom-collection-OBSCUR-40x48-2022-scaled\/1848535929.jpg\" src=\"data:image\/svg+xml,%3Csvg%20xmlns%3D%22http%3A%2F%2Fwww.w3.org%2F2000%2Fsvg%22%20width%3D%22300%22%20height%3D%22300%22%20viewBox%3D%220%200%20300%20300%22%3E%3C%2Fsvg%3E\" loading=\"eager\"><\/span><span class=\"fg-image-overlay\"><\/span><\/a><\/figure><div class=\"fg-loader\"><\/div><\/div><\/div>\n\n\n\n<p><\/p>","protected":false},"excerpt":{"rendered":"<p>Didier est un artiste peintre qu\u00e9b\u00e9cois reconnu pour la pr\u00e9cision de son art qu\u2019on d\u00e9crit comme chirurgical. Depuis ses d\u00e9buts, en 2019, cet artiste est en pleine ascension. Il cr\u00e9e des \u0153uvres d\u2019un r\u00e9alisme surprenant de personnalit\u00e9s connues et de l\u2019univers de la mode en s\u2019inspirant d\u2019images puissantes qui l\u2019interpellent. Il utilise des techniques mixtes &hellip; <\/p>\n<p class=\"link-more\"><a href=\"https:\/\/didierartist.com\/2023\/en\/\" class=\"more-link\">Continue reading<span class=\"screen-reader-text\"> \u00ab\u00a0\u00a0\u00bb<\/span><\/a><\/p>","protected":false},"author":1,"featured_media":0,"parent":0,"menu_order":0,"comment_status":"closed","ping_status":"closed","template":"","meta":{"footnotes":""},"class_list":["post-184","page","type-page","status-publish","hentry"],"jetpack_sharing_enabled":true,"_links":{"self":[{"href":"https:\/\/didierartist.com\/2023\/en\/wp-json\/wp\/v2\/pages\/184","targetHints":{"allow":["GET"]}}],"collection":[{"href":"https:\/\/didierartist.com\/2023\/en\/wp-json\/wp\/v2\/pages"}],"about":[{"href":"https:\/\/didierartist.com\/2023\/en\/wp-json\/wp\/v2\/types\/page"}],"author":[{"embeddable":true,"href":"https:\/\/didierartist.com\/2023\/en\/wp-json\/wp\/v2\/users\/1"}],"replies":[{"embeddable":true,"href":"https:\/\/didierartist.com\/2023\/en\/wp-json\/wp\/v2\/comments?post=184"}],"version-history":[{"count":8,"href":"https:\/\/didierartist.com\/2023\/en\/wp-json\/wp\/v2\/pages\/184\/revisions"}],"predecessor-version":[{"id":1887,"href":"https:\/\/didierartist.com\/2023\/en\/wp-json\/wp\/v2\/pages\/184\/revisions\/1887"}],"wp:attachment":[{"href":"https:\/\/didierartist.com\/2023\/en\/wp-json\/wp\/v2\/media?parent=184"}],"curies":[{"name":"wp","href":"https:\/\/api.w.org\/{rel}","templated":true}]}}